{"id":19,"date":"2016-07-29T22:05:25","date_gmt":"2016-07-29T22:05:25","guid":{"rendered":"https:\/\/oceanwp.org\/blogger\/?page_id=19"},"modified":"2020-01-16T15:54:04","modified_gmt":"2020-01-16T15:54:04","slug":"contact","status":"publish","type":"page","link":"https:\/\/funmusica.org\/wpbases\/contact\/","title":{"rendered":"Contactenos"},"content":{"rendered":"\t\t<div data-elementor-type=\"wp-page\" data-elementor-id=\"19\" class=\"elementor elementor-19\" data-elementor-post-type=\"page\">\n\t\t\t\t\t\t<section class=\"elementor-section elementor-top-section elementor-element elementor-element-3b73e4c elementor-section-boxed elementor-section-height-default elementor-section-height-default\" data-id=\"3b73e4c\" data-element_type=\"section\" data-e-type=\"section\">\n\t\t\t\t\t\t<div class=\"elementor-container elementor-column-gap-default\">\n\t\t\t\t\t<div class=\"elementor-column elementor-col-100 elementor-top-column elementor-element elementor-element-f91841d\" data-id=\"f91841d\" data-element_type=\"column\" data-e-type=\"column\">\n\t\t\t<div class=\"elementor-widget-wrap elementor-element-populated\">\n\t\t\t\t\t\t<div class=\"elementor-element elementor-element-45d6ff0 elementor-widget elementor-widget-image\" data-id=\"45d6ff0\" data-element_type=\"widget\" data-e-type=\"widget\" data-widget_type=\"image.default\">\n\t\t\t\t\t\t\t\t\t\t\t\t\t\t\t<img fetchpriority=\"high\" decoding=\"async\" width=\"506\" height=\"237\" src=\"https:\/\/funmusica.org\/wpbases\/wp-content\/uploads\/2020\/01\/logo_festival.png\" class=\"attachment-large size-large wp-image-682\" alt=\"LOgo Festival Mono Nu\u00f1ez\" srcset=\"https:\/\/funmusica.org\/wpbases\/wp-content\/uploads\/2020\/01\/logo_festival.png 506w, https:\/\/funmusica.org\/wpbases\/wp-content\/uploads\/2020\/01\/logo_festival-300x141.png 300w\" sizes=\"(max-width: 506px) 100vw, 506px\" \/>\t\t\t\t\t\t\t\t\t\t\t\t\t\t\t<\/div>\n\t\t\t\t\t<\/div>\n\t\t<\/div>\n\t\t\t\t\t<\/div>\n\t\t<\/section>\n\t\t\t\t<section class=\"elementor-section elementor-top-section elementor-element elementor-element-f9137e8 elementor-section-boxed elementor-section-height-default elementor-section-height-default\" data-id=\"f9137e8\" data-element_type=\"section\" data-e-type=\"section\">\n\t\t\t\t\t\t<div class=\"elementor-container elementor-column-gap-default\">\n\t\t\t\t\t<div class=\"elementor-column elementor-col-50 elementor-top-column elementor-element elementor-element-6d7c3d6\" data-id=\"6d7c3d6\" data-element_type=\"column\" data-e-type=\"column\">\n\t\t\t<div class=\"elementor-widget-wrap elementor-element-populated\">\n\t\t\t\t\t\t<div class=\"elementor-element elementor-element-2beb46d elementor-widget elementor-widget-heading\" data-id=\"2beb46d\" data-element_type=\"widget\" data-e-type=\"widget\" data-widget_type=\"heading.default\">\n\t\t\t\t\t<h2 class=\"elementor-heading-title elementor-size-default\">Cont\u00e1ctenos<\/h2>\t\t\t\t<\/div>\n\t\t\t\t<div class=\"elementor-element elementor-element-b9270e8 elementor-widget elementor-widget-text-editor\" data-id=\"b9270e8\" data-element_type=\"widget\" data-e-type=\"widget\" data-widget_type=\"text-editor.default\">\n\t\t\t\t\t\t\t\t\t<p>Para solicitar informaci\u00f3n y resolver sus dudas diligencie el presente formulario y nosotros pronto le daremos respuesta<\/p>\t\t\t\t\t\t\t\t<\/div>\n\t\t\t\t<div class=\"elementor-element elementor-element-b10c97a elementor-widget elementor-widget-text-editor\" data-id=\"b10c97a\" data-element_type=\"widget\" data-e-type=\"widget\" data-widget_type=\"text-editor.default\">\n\t\t\t\t\t\t\t\t\t<p>[caldera_form id=\u00bbCF5e2083cace6cd\u00bb]<\/p>\t\t\t\t\t\t\t\t<\/div>\n\t\t\t\t\t<\/div>\n\t\t<\/div>\n\t\t\t\t<div class=\"elementor-column elementor-col-50 elementor-top-column elementor-element elementor-element-2b43977\" data-id=\"2b43977\" data-element_type=\"column\" data-e-type=\"column\">\n\t\t\t<div class=\"elementor-widget-wrap elementor-element-populated\">\n\t\t\t\t\t\t<div class=\"elementor-element elementor-element-49b9169 elementor-widget elementor-widget-heading\" data-id=\"49b9169\" data-element_type=\"widget\" data-e-type=\"widget\" data-widget_type=\"heading.default\">\n\t\t\t\t\t<h2 class=\"elementor-heading-title elementor-size-default\">Fundaci\u00f3n Pro M\u00fasica Nacional de Ginebra<\/h2>\t\t\t\t<\/div>\n\t\t\t\t<div class=\"elementor-element elementor-element-26493e5 elementor-widget elementor-widget-text-editor\" data-id=\"26493e5\" data-element_type=\"widget\" data-e-type=\"widget\" data-widget_type=\"text-editor.default\">\n\t\t\t\t\t\t\t\t\t<p>Avenida 4 Norte No. 36N \u2013 36<br \/>Santiago de Cali<br \/>Tel\u00e9fono: 57 2 558 1966<br \/>M\u00f3vil: 57 315 495 2697<\/p><p>E-Mail: informacion@funmusica.org<br \/>comunicaciones@funmusica.org<\/p><p>Portal Web Funm\u00fasica<br \/>https:\/\/funmusica.org<\/p><p>Sitio Web del Festival<br \/>http:\/\/funmusica.org<\/p><p>Fan Page Festival<br \/>festivalmononunez<\/p><p>Youtube Canal Oficial<br \/>Festival Mono N\u00fa\u00f1ez<\/p><p>Twitter<br \/>@MonoNunezFest<\/p><p>Festival Mono N\u00fa\u00f1ez<br \/>Festivalmononunez<\/p><p>Aplicaci\u00f3n Movil Android<br \/>Festival Mono N\u00fa\u00f1ez<\/p>\t\t\t\t\t\t\t\t<\/div>\n\t\t\t\t\t<\/div>\n\t\t<\/div>\n\t\t\t\t\t<\/div>\n\t\t<\/section>\n\t\t\t\t<section class=\"elementor-section elementor-top-section elementor-element elementor-element-a241507 elementor-section-boxed elementor-section-height-default elementor-section-height-default\" data-id=\"a241507\" data-element_type=\"section\" data-e-type=\"section\">\n\t\t\t\t\t\t<div class=\"elementor-container elementor-column-gap-default\">\n\t\t\t\t\t<div class=\"elementor-column elementor-col-100 elementor-top-column elementor-element elementor-element-e9eec8d\" data-id=\"e9eec8d\" data-element_type=\"column\" data-e-type=\"column\">\n\t\t\t<div class=\"elementor-widget-wrap elementor-element-populated\">\n\t\t\t\t\t\t<div class=\"elementor-element elementor-element-03b9bc9 elementor-widget elementor-widget-image\" data-id=\"03b9bc9\" data-element_type=\"widget\" data-e-type=\"widget\" data-widget_type=\"image.default\">\n\t\t\t\t\t\t\t\t\t\t\t\t\t\t\t<img decoding=\"async\" width=\"350\" height=\"108\" src=\"https:\/\/funmusica.org\/wpbases\/wp-content\/uploads\/2019\/12\/logo_festival_funmusica_standard.png\" class=\"attachment-large size-large wp-image-425\" alt=\"Logo Festival Funm\u00fasica standar\" srcset=\"https:\/\/funmusica.org\/wpbases\/wp-content\/uploads\/2019\/12\/logo_festival_funmusica_standard.png 350w, https:\/\/funmusica.org\/wpbases\/wp-content\/uploads\/2019\/12\/logo_festival_funmusica_standard-300x93.png 300w\" sizes=\"(max-width: 350px) 100vw, 350px\" \/>\t\t\t\t\t\t\t\t\t\t\t\t\t\t\t<\/div>\n\t\t\t\t\t<\/div>\n\t\t<\/div>\n\t\t\t\t\t<\/div>\n\t\t<\/section>\n\t\t\t\t<\/div>\n\t\t","protected":false},"excerpt":{"rendered":"<p>Cont\u00e1ctenos Para solicitar informaci\u00f3n y resolver sus dudas diligencie el presente formulario y nosotros pronto le daremos respuesta [caldera_form id=\u00bbCF5e2083cace6cd\u00bb] Fundaci\u00f3n Pro M\u00fasica Nacional de Ginebra Avenida 4 Norte No. 36N \u2013 36Santiago de CaliTel\u00e9fono: 57 2 558 1966M\u00f3vil: 57 315 495 2697 E-Mail: informacion@funmusica.orgcomunicaciones@funmusica.org Portal Web Funm\u00fasicahttps:\/\/funmusica.org Sitio Web del Festivalhttp:\/\/funmusica.org Fan Page Festivalfestivalmononunez [&hellip;]<\/p>\n","protected":false},"author":1,"featured_media":0,"parent":0,"menu_order":0,"comment_status":"closed","ping_status":"closed","template":"","meta":{"disable_featured_image":false,"footnotes":""},"class_list":["post-19","page","type-page","status-publish","hentry"],"_links":{"self":[{"href":"https:\/\/funmusica.org\/wpbases\/wp-json\/wp\/v2\/pages\/19","targetHints":{"allow":["GET"]}}],"collection":[{"href":"https:\/\/funmusica.org\/wpbases\/wp-json\/wp\/v2\/pages"}],"about":[{"href":"https:\/\/funmusica.org\/wpbases\/wp-json\/wp\/v2\/types\/page"}],"author":[{"embeddable":true,"href":"https:\/\/funmusica.org\/wpbases\/wp-json\/wp\/v2\/users\/1"}],"replies":[{"embeddable":true,"href":"https:\/\/funmusica.org\/wpbases\/wp-json\/wp\/v2\/comments?post=19"}],"version-history":[{"count":3,"href":"https:\/\/funmusica.org\/wpbases\/wp-json\/wp\/v2\/pages\/19\/revisions"}],"predecessor-version":[{"id":685,"href":"https:\/\/funmusica.org\/wpbases\/wp-json\/wp\/v2\/pages\/19\/revisions\/685"}],"wp:attachment":[{"href":"https:\/\/funmusica.org\/wpbases\/wp-json\/wp\/v2\/media?parent=19"}],"curies":[{"name":"wp","href":"https:\/\/api.w.org\/{rel}","templated":true}]}}