{"id":243,"date":"2020-06-16T18:39:59","date_gmt":"2020-06-16T18:39:59","guid":{"rendered":"https:\/\/funmusica.org\/biografias\/?page_id=243"},"modified":"2020-07-08T20:21:24","modified_gmt":"2020-07-08T20:21:24","slug":"contacto","status":"publish","type":"page","link":"https:\/\/funmusica.org\/biografias\/contacto\/","title":{"rendered":"Contacto"},"content":{"rendered":"\t\t<div data-elementor-type=\"wp-page\" data-elementor-id=\"243\" class=\"elementor elementor-243\" data-elementor-post-type=\"page\">\n\t\t\t\t\t\t<section class=\"elementor-section elementor-top-section elementor-element elementor-element-aa6d9d9 elementor-section-boxed elementor-section-height-default elementor-section-height-default\" data-id=\"aa6d9d9\" data-element_type=\"section\" data-e-type=\"section\">\n\t\t\t\t\t\t<div class=\"elementor-container elementor-column-gap-default\">\n\t\t\t\t\t<div class=\"elementor-column elementor-col-100 elementor-top-column elementor-element elementor-element-c66e235\" data-id=\"c66e235\" data-element_type=\"column\" data-e-type=\"column\">\n\t\t\t<div class=\"elementor-widget-wrap elementor-element-populated\">\n\t\t\t\t\t\t<div class=\"elementor-element elementor-element-c3769d5 elementor-widget elementor-widget-image\" data-id=\"c3769d5\" data-element_type=\"widget\" data-e-type=\"widget\" data-widget_type=\"image.default\">\n\t\t\t\t\t\t\t\t\t\t\t\t\t\t\t<img fetchpriority=\"high\" decoding=\"async\" width=\"2560\" height=\"704\" src=\"https:\/\/funmusica.org\/biografias\/wp-content\/uploads\/2020\/07\/cabecera_contacto-scaled.jpg\" class=\"attachment-full size-full wp-image-374\" alt=\"Biografias Funm\u00fasica\" srcset=\"https:\/\/funmusica.org\/biografias\/wp-content\/uploads\/2020\/07\/cabecera_contacto-scaled.jpg 2560w, https:\/\/funmusica.org\/biografias\/wp-content\/uploads\/2020\/07\/cabecera_contacto-300x83.jpg 300w, https:\/\/funmusica.org\/biografias\/wp-content\/uploads\/2020\/07\/cabecera_contacto-1024x282.jpg 1024w, https:\/\/funmusica.org\/biografias\/wp-content\/uploads\/2020\/07\/cabecera_contacto-768x211.jpg 768w, https:\/\/funmusica.org\/biografias\/wp-content\/uploads\/2020\/07\/cabecera_contacto-1536x422.jpg 1536w, https:\/\/funmusica.org\/biografias\/wp-content\/uploads\/2020\/07\/cabecera_contacto-2048x563.jpg 2048w\" sizes=\"(max-width: 2560px) 100vw, 2560px\" \/>\t\t\t\t\t\t\t\t\t\t\t\t\t\t\t<\/div>\n\t\t\t\t\t<\/div>\n\t\t<\/div>\n\t\t\t\t\t<\/div>\n\t\t<\/section>\n\t\t\t\t<section class=\"elementor-section elementor-top-section elementor-element elementor-element-b50aacb elementor-section-boxed elementor-section-height-default elementor-section-height-default\" data-id=\"b50aacb\" data-element_type=\"section\" data-e-type=\"section\">\n\t\t\t\t\t\t<div class=\"elementor-container elementor-column-gap-default\">\n\t\t\t\t\t<div class=\"elementor-column elementor-col-50 elementor-top-column elementor-element elementor-element-f5c400f\" data-id=\"f5c400f\" data-element_type=\"column\" data-e-type=\"column\" data-settings=\"{&quot;background_background&quot;:&quot;classic&quot;}\">\n\t\t\t<div class=\"elementor-widget-wrap elementor-element-populated\">\n\t\t\t\t\t\t<div class=\"elementor-element elementor-element-c4b243b elementor-widget elementor-widget-heading\" data-id=\"c4b243b\" data-element_type=\"widget\" data-e-type=\"widget\" data-widget_type=\"heading.default\">\n\t\t\t\t\t<h1 class=\"elementor-heading-title elementor-size-default\">Formulario de Contacto<\/h1>\t\t\t\t<\/div>\n\t\t\t\t<div class=\"elementor-element elementor-element-4e3764c elementor-widget elementor-widget-text-editor\" data-id=\"4e3764c\" data-element_type=\"widget\" data-e-type=\"widget\" data-widget_type=\"text-editor.default\">\n\t\t\t\t\t\t\t\t\t<p>Utilice este formulario para contactar con nosotros o para enviar su rese\u00f1a biogr\u00e1fica y fotograf\u00eda. Recuerde que esta rese\u00f1a permanecer\u00e1 aqu\u00ed por siempre, si desea estar actualiz\u00e1ndola peri\u00f3dicamente h\u00e1galo, igualmente,\u00a0 utilizando este formulario, lo mismo que la fotograf\u00eda, esta debe ser horizontal y de una resoluci\u00f3n m\u00ednima de 1200 x 630 pixeles a m\u00ednimo 96 dpi.<\/p>\t\t\t\t\t\t\t\t<\/div>\n\t\t\t\t\t<\/div>\n\t\t<\/div>\n\t\t\t\t<div class=\"elementor-column elementor-col-50 elementor-top-column elementor-element elementor-element-ef1b395\" data-id=\"ef1b395\" data-element_type=\"column\" data-e-type=\"column\">\n\t\t\t<div class=\"elementor-widget-wrap elementor-element-populated\">\n\t\t\t\t\t\t<div class=\"elementor-element elementor-element-4837ec8 elementor-widget elementor-widget-image\" data-id=\"4837ec8\" data-element_type=\"widget\" data-e-type=\"widget\" data-widget_type=\"image.default\">\n\t\t\t\t\t\t\t\t\t\t\t\t\t\t\t<img decoding=\"async\" width=\"700\" height=\"196\" src=\"https:\/\/funmusica.org\/biografias\/wp-content\/uploads\/2020\/06\/logo_funmusica_estandard.png\" class=\"attachment-full size-full wp-image-201\" alt=\"\" srcset=\"https:\/\/funmusica.org\/biografias\/wp-content\/uploads\/2020\/06\/logo_funmusica_estandard.png 700w, https:\/\/funmusica.org\/biografias\/wp-content\/uploads\/2020\/06\/logo_funmusica_estandard-300x84.png 300w\" sizes=\"(max-width: 700px) 100vw, 700px\" \/>\t\t\t\t\t\t\t\t\t\t\t\t\t\t\t<\/div>\n\t\t\t\t<div class=\"elementor-element elementor-element-c52f361 elementor-widget elementor-widget-text-editor\" data-id=\"c52f361\" data-element_type=\"widget\" data-e-type=\"widget\" data-widget_type=\"text-editor.default\">\n\t\t\t\t\t\t\t\t\t<h3>Escribanos<\/h3><p>desarrolloweb@funusica.org<br \/>Whats app<br \/>Telegram<br \/>+54 9 299 454 1233 <br \/>comunicaciones@funmusica.org<\/p>\t\t\t\t\t\t\t\t<\/div>\n\t\t\t\t\t<\/div>\n\t\t<\/div>\n\t\t\t\t\t<\/div>\n\t\t<\/section>\n\t\t\t\t<\/div>\n\t\t","protected":false},"excerpt":{"rendered":"<p>Formulario de Contacto Utilice este formulario para contactar con nosotros o para enviar su rese\u00f1a biogr\u00e1fica y fotograf\u00eda. Recuerde que esta rese\u00f1a permanecer\u00e1 aqu\u00ed por siempre, si desea estar actualiz\u00e1ndola peri\u00f3dicamente h\u00e1galo, igualmente,\u00a0 utilizando este formulario, lo mismo que la fotograf\u00eda, esta debe ser horizontal y de una resoluci\u00f3n m\u00ednima de 1200 x 630 pixeles [&hellip;]<\/p>\n","protected":false},"author":1,"featured_media":0,"parent":0,"menu_order":0,"comment_status":"closed","ping_status":"closed","template":"","meta":{"footnotes":""},"class_list":["post-243","page","type-page","status-publish","hentry"],"yoast_head":"<!-- This site is optimized with the Yoast SEO plugin v27.5 - https:\/\/yoast.com\/product\/yoast-seo-wordpress\/ -->\n<title>Contacto - Biograf\u00edas<\/title>\n<meta name=\"robots\" content=\"index, follow, max-snippet:-1, max-image-preview:large, max-video-preview:-1\" \/>\n<link rel=\"canonical\" href=\"https:\/\/funmusica.org\/biografias\/contacto\/\" \/>\n<meta property=\"og:locale\" content=\"es_ES\" \/>\n<meta property=\"og:type\" content=\"article\" \/>\n<meta property=\"og:title\" content=\"Contacto - Biograf\u00edas\" \/>\n<meta property=\"og:description\" content=\"Formulario de Contacto Utilice este formulario para contactar con nosotros o para enviar su rese\u00f1a biogr\u00e1fica y fotograf\u00eda. Recuerde que esta rese\u00f1a permanecer\u00e1 aqu\u00ed por siempre, si desea estar actualiz\u00e1ndola peri\u00f3dicamente h\u00e1galo, igualmente,\u00a0 utilizando este formulario, lo mismo que la fotograf\u00eda, esta debe ser horizontal y de una resoluci\u00f3n m\u00ednima de 1200 x 630 pixeles [&hellip;]\" \/>\n<meta property=\"og:url\" content=\"https:\/\/funmusica.org\/biografias\/contacto\/\" \/>\n<meta property=\"og:site_name\" content=\"Biograf\u00edas\" \/>\n<meta property=\"article:modified_time\" content=\"2020-07-08T20:21:24+00:00\" \/>\n<meta property=\"og:image\" content=\"https:\/\/funmusica.org\/biografias\/wp-content\/uploads\/2020\/07\/cabecera_contacto-scaled.jpg\" \/>\n\t<meta property=\"og:image:width\" content=\"2560\" \/>\n\t<meta property=\"og:image:height\" content=\"704\" \/>\n\t<meta property=\"og:image:type\" content=\"image\/jpeg\" \/>\n<meta name=\"twitter:card\" content=\"summary_large_image\" \/>\n<script type=\"application\/ld+json\" class=\"yoast-schema-graph\">{\"@context\":\"https:\\\/\\\/schema.org\",\"@graph\":[{\"@type\":\"WebPage\",\"@id\":\"https:\\\/\\\/funmusica.org\\\/biografias\\\/contacto\\\/\",\"url\":\"https:\\\/\\\/funmusica.org\\\/biografias\\\/contacto\\\/\",\"name\":\"Contacto - Biograf\u00edas\",\"isPartOf\":{\"@id\":\"https:\\\/\\\/funmusica.org\\\/biografias\\\/#website\"},\"primaryImageOfPage\":{\"@id\":\"https:\\\/\\\/funmusica.org\\\/biografias\\\/contacto\\\/#primaryimage\"},\"image\":{\"@id\":\"https:\\\/\\\/funmusica.org\\\/biografias\\\/contacto\\\/#primaryimage\"},\"thumbnailUrl\":\"https:\\\/\\\/funmusica.org\\\/biografias\\\/wp-content\\\/uploads\\\/2020\\\/07\\\/cabecera_contacto-scaled.jpg\",\"datePublished\":\"2020-06-16T18:39:59+00:00\",\"dateModified\":\"2020-07-08T20:21:24+00:00\",\"breadcrumb\":{\"@id\":\"https:\\\/\\\/funmusica.org\\\/biografias\\\/contacto\\\/#breadcrumb\"},\"inLanguage\":\"es\",\"potentialAction\":[{\"@type\":\"ReadAction\",\"target\":[\"https:\\\/\\\/funmusica.org\\\/biografias\\\/contacto\\\/\"]}]},{\"@type\":\"ImageObject\",\"inLanguage\":\"es\",\"@id\":\"https:\\\/\\\/funmusica.org\\\/biografias\\\/contacto\\\/#primaryimage\",\"url\":\"https:\\\/\\\/funmusica.org\\\/biografias\\\/wp-content\\\/uploads\\\/2020\\\/07\\\/cabecera_contacto-scaled.jpg\",\"contentUrl\":\"https:\\\/\\\/funmusica.org\\\/biografias\\\/wp-content\\\/uploads\\\/2020\\\/07\\\/cabecera_contacto-scaled.jpg\",\"width\":2560,\"height\":704,\"caption\":\"Biografias Funm\u00fasica\"},{\"@type\":\"BreadcrumbList\",\"@id\":\"https:\\\/\\\/funmusica.org\\\/biografias\\\/contacto\\\/#breadcrumb\",\"itemListElement\":[{\"@type\":\"ListItem\",\"position\":1,\"name\":\"Portada\",\"item\":\"https:\\\/\\\/funmusica.org\\\/biografias\\\/\"},{\"@type\":\"ListItem\",\"position\":2,\"name\":\"Contacto\"}]},{\"@type\":\"WebSite\",\"@id\":\"https:\\\/\\\/funmusica.org\\\/biografias\\\/#website\",\"url\":\"https:\\\/\\\/funmusica.org\\\/biografias\\\/\",\"name\":\"Biograf\u00edas\",\"description\":\"Rese\u00f1as biograficas de m\u00fasicos colombianos\",\"potentialAction\":[{\"@type\":\"SearchAction\",\"target\":{\"@type\":\"EntryPoint\",\"urlTemplate\":\"https:\\\/\\\/funmusica.org\\\/biografias\\\/?s={search_term_string}\"},\"query-input\":{\"@type\":\"PropertyValueSpecification\",\"valueRequired\":true,\"valueName\":\"search_term_string\"}}],\"inLanguage\":\"es\"}]}<\/script>\n<!-- \/ Yoast SEO plugin. -->","yoast_head_json":{"title":"Contacto - Biograf\u00edas","robots":{"index":"index","follow":"follow","max-snippet":"max-snippet:-1","max-image-preview":"max-image-preview:large","max-video-preview":"max-video-preview:-1"},"canonical":"https:\/\/funmusica.org\/biografias\/contacto\/","og_locale":"es_ES","og_type":"article","og_title":"Contacto - Biograf\u00edas","og_description":"Formulario de Contacto Utilice este formulario para contactar con nosotros o para enviar su rese\u00f1a biogr\u00e1fica y fotograf\u00eda. Recuerde que esta rese\u00f1a permanecer\u00e1 aqu\u00ed por siempre, si desea estar actualiz\u00e1ndola peri\u00f3dicamente h\u00e1galo, igualmente,\u00a0 utilizando este formulario, lo mismo que la fotograf\u00eda, esta debe ser horizontal y de una resoluci\u00f3n m\u00ednima de 1200 x 630 pixeles [&hellip;]","og_url":"https:\/\/funmusica.org\/biografias\/contacto\/","og_site_name":"Biograf\u00edas","article_modified_time":"2020-07-08T20:21:24+00:00","og_image":[{"width":2560,"height":704,"url":"https:\/\/funmusica.org\/biografias\/wp-content\/uploads\/2020\/07\/cabecera_contacto-scaled.jpg","type":"image\/jpeg"}],"twitter_card":"summary_large_image","schema":{"@context":"https:\/\/schema.org","@graph":[{"@type":"WebPage","@id":"https:\/\/funmusica.org\/biografias\/contacto\/","url":"https:\/\/funmusica.org\/biografias\/contacto\/","name":"Contacto - Biograf\u00edas","isPartOf":{"@id":"https:\/\/funmusica.org\/biografias\/#website"},"primaryImageOfPage":{"@id":"https:\/\/funmusica.org\/biografias\/contacto\/#primaryimage"},"image":{"@id":"https:\/\/funmusica.org\/biografias\/contacto\/#primaryimage"},"thumbnailUrl":"https:\/\/funmusica.org\/biografias\/wp-content\/uploads\/2020\/07\/cabecera_contacto-scaled.jpg","datePublished":"2020-06-16T18:39:59+00:00","dateModified":"2020-07-08T20:21:24+00:00","breadcrumb":{"@id":"https:\/\/funmusica.org\/biografias\/contacto\/#breadcrumb"},"inLanguage":"es","potentialAction":[{"@type":"ReadAction","target":["https:\/\/funmusica.org\/biografias\/contacto\/"]}]},{"@type":"ImageObject","inLanguage":"es","@id":"https:\/\/funmusica.org\/biografias\/contacto\/#primaryimage","url":"https:\/\/funmusica.org\/biografias\/wp-content\/uploads\/2020\/07\/cabecera_contacto-scaled.jpg","contentUrl":"https:\/\/funmusica.org\/biografias\/wp-content\/uploads\/2020\/07\/cabecera_contacto-scaled.jpg","width":2560,"height":704,"caption":"Biografias Funm\u00fasica"},{"@type":"BreadcrumbList","@id":"https:\/\/funmusica.org\/biografias\/contacto\/#breadcrumb","itemListElement":[{"@type":"ListItem","position":1,"name":"Portada","item":"https:\/\/funmusica.org\/biografias\/"},{"@type":"ListItem","position":2,"name":"Contacto"}]},{"@type":"WebSite","@id":"https:\/\/funmusica.org\/biografias\/#website","url":"https:\/\/funmusica.org\/biografias\/","name":"Biograf\u00edas","description":"Rese\u00f1as biograficas de m\u00fasicos colombianos","potentialAction":[{"@type":"SearchAction","target":{"@type":"EntryPoint","urlTemplate":"https:\/\/funmusica.org\/biografias\/?s={search_term_string}"},"query-input":{"@type":"PropertyValueSpecification","valueRequired":true,"valueName":"search_term_string"}}],"inLanguage":"es"}]}},"_links":{"self":[{"href":"https:\/\/funmusica.org\/biografias\/wp-json\/wp\/v2\/pages\/243","targetHints":{"allow":["GET"]}}],"collection":[{"href":"https:\/\/funmusica.org\/biografias\/wp-json\/wp\/v2\/pages"}],"about":[{"href":"https:\/\/funmusica.org\/biografias\/wp-json\/wp\/v2\/types\/page"}],"author":[{"embeddable":true,"href":"https:\/\/funmusica.org\/biografias\/wp-json\/wp\/v2\/users\/1"}],"replies":[{"embeddable":true,"href":"https:\/\/funmusica.org\/biografias\/wp-json\/wp\/v2\/comments?post=243"}],"version-history":[{"count":0,"href":"https:\/\/funmusica.org\/biografias\/wp-json\/wp\/v2\/pages\/243\/revisions"}],"wp:attachment":[{"href":"https:\/\/funmusica.org\/biografias\/wp-json\/wp\/v2\/media?parent=243"}],"curies":[{"name":"wp","href":"https:\/\/api.w.org\/{rel}","templated":true}]}}